{"id":1090,"date":"2025-08-26T11:48:40","date_gmt":"2025-08-26T11:48:40","guid":{"rendered":"https:\/\/finziash.com\/contacto\/"},"modified":"2026-02-03T20:08:09","modified_gmt":"2026-02-03T20:08:09","slug":"contacto","status":"publish","type":"page","link":"https:\/\/finziash.com\/sv\/contacto\/","title":{"rendered":"Kontakt"},"content":{"rendered":"\t\t<div data-elementor-type=\"wp-page\" data-elementor-id=\"1090\" class=\"elementor elementor-1090 elementor-1071\" data-elementor-post-type=\"page\">\n\t\t\t\t<div class=\"elementor-element elementor-element-352745a header-home e-flex e-con-boxed e-con e-parent\" data-id=\"352745a\" data-element_type=\"container\" data-settings=\"{&quot;background_background&quot;:&quot;slideshow&quot;,&quot;background_slideshow_gallery&quot;:[{&quot;id&quot;:791,&quot;url&quot;:&quot;https:\\\/\\\/finziash.com\\\/wp-content\\\/uploads\\\/2025\\\/08\\\/busca-tu-hipoteca.jpg&quot;}],&quot;shape_divider_bottom&quot;:&quot;waves&quot;,&quot;background_slideshow_loop&quot;:&quot;yes&quot;,&quot;background_slideshow_slide_duration&quot;:5000,&quot;background_slideshow_slide_transition&quot;:&quot;fade&quot;,&quot;background_slideshow_transition_duration&quot;:500}\">\n\t\t\t\t\t<div class=\"e-con-inner\">\n\t\t\t\t<div class=\"elementor-shape elementor-shape-bottom\" aria-hidden=\"true\" data-negative=\"false\">\n\t\t\t<svg xmlns=\"http:\/\/www.w3.org\/2000\/svg\" viewBox=\"0 0 1000 100\" preserveAspectRatio=\"none\">\n\t<path class=\"elementor-shape-fill\" d=\"M421.9,6.5c22.6-2.5,51.5,0.4,75.5,5.3c23.6,4.9,70.9,23.5,100.5,35.7c75.8,32.2,133.7,44.5,192.6,49.7\n\tc23.6,2.1,48.7,3.5,103.4-2.5c54.7-6,106.2-25.6,106.2-25.6V0H0v30.3c0,0,72,32.6,158.4,30.5c39.2-0.7,92.8-6.7,134-22.4\n\tc21.2-8.1,52.2-18.2,79.7-24.2C399.3,7.9,411.6,7.5,421.9,6.5z\"\/>\n<\/svg>\t\t<\/div>\n\t\t<div class=\"elementor-element elementor-element-0e61287 e-con-full e-flex e-con e-child\" data-id=\"0e61287\" data-element_type=\"container\">\n\t\t\t\t<div class=\"elementor-element elementor-element-c0d37b4 elementor-widget elementor-widget-heading\" data-id=\"c0d37b4\" data-element_type=\"widget\" data-widget_type=\"heading.default\">\n\t\t\t\t<div class=\"elementor-widget-container\">\n\t\t\t\t\t<h1 class=\"elementor-heading-title elementor-size-default\">L\u00e5t oss prata om ditt bol\u00e5n<\/h1>\t\t\t\t<\/div>\n\t\t\t\t<\/div>\n\t\t\t\t<div class=\"elementor-element elementor-element-c6837ff elementor-widget elementor-widget-heading\" data-id=\"c6837ff\" data-element_type=\"widget\" data-widget_type=\"heading.default\">\n\t\t\t\t<div class=\"elementor-widget-container\">\n\t\t\t\t\t<h2 class=\"elementor-heading-title elementor-size-default\">En specialiserad r\u00e5dgivare kommer att granska ditt \u00e4rende och v\u00e4gleda dig fr\u00e5n f\u00f6rsta b\u00f6rjan.<\/h2>\t\t\t\t<\/div>\n\t\t\t\t<\/div>\n\t\t\t\t<\/div>\n\t\t\t\t<div class=\"elementor-element elementor-element-036d4f6 elementor-hidden-desktop elementor-hidden-tablet elementor-hidden-laptop elementor-widget elementor-widget-image\" data-id=\"036d4f6\" data-element_type=\"widget\" data-widget_type=\"image.default\">\n\t\t\t\t<div class=\"elementor-widget-container\">\n\t\t\t\t\t\t\t\t\t\t\t\t\t\t\t<img fetchpriority=\"high\" decoding=\"async\" width=\"800\" height=\"474\" src=\"https:\/\/finziash.com\/wp-content\/uploads\/2025\/08\/busca-tu-hipoteca.jpg\" class=\"attachment-large size-large wp-image-791\" alt=\"\" srcset=\"https:\/\/finziash.com\/wp-content\/uploads\/2025\/08\/busca-tu-hipoteca.jpg 891w, https:\/\/finziash.com\/wp-content\/uploads\/2025\/08\/busca-tu-hipoteca-300x178.jpg 300w, https:\/\/finziash.com\/wp-content\/uploads\/2025\/08\/busca-tu-hipoteca-768x455.jpg 768w\" sizes=\"(max-width: 800px) 100vw, 800px\" \/>\t\t\t\t\t\t\t\t\t\t\t\t\t\t\t<\/div>\n\t\t\t\t<\/div>\n\t\t\t\t\t<\/div>\n\t\t\t\t<\/div>\n\t\t<div class=\"elementor-element elementor-element-a8dfb81 e-flex e-con-boxed e-con e-parent\" data-id=\"a8dfb81\" data-element_type=\"container\">\n\t\t\t\t\t<div class=\"e-con-inner\">\n\t\t<div class=\"elementor-element elementor-element-7e48a93 e-con-full e-flex elementor-invisible e-con e-child\" data-id=\"7e48a93\" data-element_type=\"container\" data-settings=\"{&quot;animation&quot;:&quot;fadeInLeft&quot;}\">\n\t\t\t\t<div class=\"elementor-element elementor-element-1f71744 elementor-widget elementor-widget-text-editor\" data-id=\"1f71744\" data-element_type=\"widget\" data-widget_type=\"text-editor.default\">\n\t\t\t\t<div class=\"elementor-widget-container\">\n\t\t\t\t\t\t\t\t\t<p><span style=\"font-weight: 400;\">L\u00e4mna dina uppgifter s\u00e5 kommer en av v\u00e5ra bol\u00e5nespecialister att kontakta dig f\u00f6r att genomf\u00f6ra en <strong data-start=\"3439\" data-end=\"3470\">kostnadsfri f\u00f6rsta bed\u00f6mning.<\/strong><\/span><\/p><p>Vi analyserar din situation med expertkriterier och ger dig r\u00e5d om det b\u00e4sta s\u00e4ttet att strukturera din bol\u00e5neoperation.<\/p>\t\t\t\t\t\t\t\t<\/div>\n\t\t\t\t<\/div>\n\t\t\t\t<div class=\"elementor-element elementor-element-5a39111 elementor-icon-list--layout-traditional elementor-list-item-link-full_width elementor-widget elementor-widget-icon-list\" data-id=\"5a39111\" data-element_type=\"widget\" data-widget_type=\"icon-list.default\">\n\t\t\t\t<div class=\"elementor-widget-container\">\n\t\t\t\t\t\t\t<ul class=\"elementor-icon-list-items\">\n\t\t\t\t\t\t\t<li class=\"elementor-icon-list-item\">\n\t\t\t\t\t\t\t\t\t\t\t<a href=\"tel:+34%20680%20435%20510\">\n\n\t\t\t\t\t\t\t\t\t\t\t\t<span class=\"elementor-icon-list-icon\">\n\t\t\t\t\t\t\t<svg xmlns=\"http:\/\/www.w3.org\/2000\/svg\" width=\"18\" height=\"17\" viewBox=\"0 0 18 17\" fill=\"none\"><path d=\"M1.98816 1.48816C1.67559 1.80072 1.5 2.22464 1.5 2.66667V3.5C1.5 10.4033 7.09667 16 14 16H14.8333C15.2754 16 15.6993 15.8244 16.0118 15.5118C16.3244 15.1993 16.5 14.7754 16.5 14.3333V11.6008C16.5 11.4259 16.445 11.2553 16.3427 11.1134C16.2404 10.9714 16.096 10.8653 15.93 10.81L12.1858 9.56167C11.9956 9.49841 11.7888 9.5059 11.6036 9.58274C11.4184 9.65958 11.2671 9.80062 11.1775 9.98L10.2358 11.8608C8.19538 10.9389 6.5611 9.30462 5.63917 7.26417L7.52 6.3225C7.69938 6.23288 7.84042 6.08158 7.91726 5.89637C7.9941 5.71116 8.00158 5.50445 7.93833 5.31417L6.69 1.57C6.63475 1.40413 6.52874 1.25984 6.38696 1.15754C6.24519 1.05525 6.07483 1.00013 5.9 1H3.16667C2.72464 1 2.30072 1.17559 1.98816 1.48816Z\" stroke=\"#757373\" stroke-width=\"2\" stroke-linecap=\"round\" stroke-linejoin=\"round\"><\/path><\/svg>\t\t\t\t\t\t<\/span>\n\t\t\t\t\t\t\t\t\t\t<span class=\"elementor-icon-list-text\">+34 680 435 510<\/span>\n\t\t\t\t\t\t\t\t\t\t\t<\/a>\n\t\t\t\t\t\t\t\t\t<\/li>\n\t\t\t\t\t\t\t\t<li class=\"elementor-icon-list-item\">\n\t\t\t\t\t\t\t\t\t\t\t<a href=\"mailto:hello@finziash.com\">\n\n\t\t\t\t\t\t\t\t\t\t\t\t<span class=\"elementor-icon-list-icon\">\n\t\t\t\t\t\t\t<svg xmlns=\"http:\/\/www.w3.org\/2000\/svg\" width=\"18\" height=\"15\" viewBox=\"0 0 18 15\" fill=\"none\"><path d=\"M1.5 4.1665L8.075 8.54984C8.34888 8.73257 8.67075 8.83009 9 8.83009C9.32925 8.83009 9.65112 8.73257 9.925 8.54984L16.5 4.1665M3.16667 13.3332H14.8333C15.2754 13.3332 15.6993 13.1576 16.0118 12.845C16.3244 12.5325 16.5 12.1085 16.5 11.6665V3.33317C16.5 2.89114 16.3244 2.46722 16.0118 2.15466C15.6993 1.8421 15.2754 1.6665 14.8333 1.6665H3.16667C2.72464 1.6665 2.30072 1.8421 1.98816 2.15466C1.67559 2.46722 1.5 2.89114 1.5 3.33317V11.6665C1.5 12.1085 1.67559 12.5325 1.98816 12.845C2.30072 13.1576 2.72464 13.3332 3.16667 13.3332Z\" stroke=\"#757373\" stroke-width=\"2\" stroke-linecap=\"round\" stroke-linejoin=\"round\"><\/path><\/svg>\t\t\t\t\t\t<\/span>\n\t\t\t\t\t\t\t\t\t\t<span class=\"elementor-icon-list-text\">agenda@finziash.com<\/span>\n\t\t\t\t\t\t\t\t\t\t\t<\/a>\n\t\t\t\t\t\t\t\t\t<\/li>\n\t\t\t\t\t\t\t\t<li class=\"elementor-icon-list-item\">\n\t\t\t\t\t\t\t\t\t\t\t<span class=\"elementor-icon-list-icon\">\n\t\t\t\t\t\t\t<svg xmlns=\"http:\/\/www.w3.org\/2000\/svg\" width=\"20\" height=\"20\" viewBox=\"0 0 20 20\" fill=\"none\"><path d=\"M2.88906 1.01562C1.51417 1.01562 0.615234 1.91845 0.615234 3.10509C0.615234 4.26552 1.48739 5.19409 2.8363 5.19409H2.8624C4.26418 5.19409 5.13657 4.26552 5.13657 3.10509C5.11036 1.91845 4.26418 1.01562 2.88906 1.01562Z\" fill=\"#757373\"><\/path><path d=\"M0.852783 6.84521H4.87218V18.9377H0.852783V6.84521Z\" fill=\"#757373\"><\/path><path d=\"M14.7379 6.56152C12.5696 6.56152 11.1156 8.59903 11.1156 8.59903V6.84534H7.09613V18.9379H11.1154V12.1849C11.1154 11.8234 11.1416 11.4625 11.2478 11.2039C11.5384 10.482 12.1996 9.73417 13.31 9.73417C14.7645 9.73417 15.3462 10.8431 15.3462 12.4687V18.9379H19.3652V12.0042C19.3652 8.28992 17.3822 6.56152 14.7379 6.56152Z\" fill=\"#757373\"><\/path><\/svg>\t\t\t\t\t\t<\/span>\n\t\t\t\t\t\t\t\t\t\t<span class=\"elementor-icon-list-text\"><\/span>\n\t\t\t\t\t\t\t\t\t<\/li>\n\t\t\t\t\t\t<\/ul>\n\t\t\t\t\t\t<\/div>\n\t\t\t\t<\/div>\n\t\t\t\t<\/div>\n\t\t<div class=\"elementor-element elementor-element-bca264d e-con-full e-flex elementor-invisible e-con e-child\" data-id=\"bca264d\" data-element_type=\"container\" data-settings=\"{&quot;animation&quot;:&quot;fadeInRight&quot;}\">\n\t\t\t\t<div class=\"elementor-element elementor-element-d57dbef elementor-button-align-stretch elementor-widget elementor-widget-form\" data-id=\"d57dbef\" data-element_type=\"widget\" data-settings=\"{&quot;button_width&quot;:&quot;30&quot;,&quot;step_next_label&quot;:&quot;N\\u00e4sta&quot;,&quot;step_previous_label&quot;:&quot;F\\u00f6reg\\u00e5ende&quot;,&quot;step_type&quot;:&quot;number_text&quot;,&quot;step_icon_shape&quot;:&quot;circle&quot;}\" data-widget_type=\"form.default\">\n\t\t\t\t<div class=\"elementor-widget-container\">\n\t\t\t\t\t\t\t<form class=\"elementor-form\" method=\"post\" name=\"Nytt formul\u00e4r\" aria-label=\"Nytt formul\u00e4r\">\n\t\t\t<input type=\"hidden\" name=\"post_id\" value=\"1090\"\/>\n\t\t\t<input type=\"hidden\" name=\"form_id\" value=\"d57dbef\"\/>\n\t\t\t<input type=\"hidden\" name=\"referer_title\" value=\"Kontakt - Finzia\" \/>\n\n\t\t\t\t\t\t\t<input type=\"hidden\" name=\"queried_id\" value=\"1090\"\/>\n\t\t\t\n\t\t\t<div class=\"elementor-form-fields-wrapper elementor-labels-\">\n\t\t\t\t\t\t\t\t<div class=\"elementor-field-type-text elementor-field-group elementor-column elementor-field-group-name elementor-col-50\">\n\t\t\t\t\t\t\t\t\t\t\t\t<label for=\"form-field-name\" class=\"elementor-field-label elementor-screen-only\">\n\t\t\t\t\t\t\t\tNamn\t\t\t\t\t\t\t<\/label>\n\t\t\t\t\t\t\t\t\t\t\t\t\t\t<input size=\"1\" type=\"text\" name=\"form_fields[name]\" id=\"form-field-name\" class=\"elementor-field elementor-size-sm  elementor-field-textual\" placeholder=\"Namn\">\n\t\t\t\t\t\t\t\t\t\t\t<\/div>\n\t\t\t\t\t\t\t\t<div class=\"elementor-field-type-text elementor-field-group elementor-column elementor-field-group-field_a5b677c elementor-col-50\">\n\t\t\t\t\t\t\t\t\t\t\t\t<label for=\"form-field-field_a5b677c\" class=\"elementor-field-label elementor-screen-only\">\n\t\t\t\t\t\t\t\tEfternamn\t\t\t\t\t\t\t<\/label>\n\t\t\t\t\t\t\t\t\t\t\t\t\t\t<input size=\"1\" type=\"text\" name=\"form_fields[field_a5b677c]\" id=\"form-field-field_a5b677c\" class=\"elementor-field elementor-size-sm  elementor-field-textual\" placeholder=\"Efternamn\">\n\t\t\t\t\t\t\t\t\t\t\t<\/div>\n\t\t\t\t\t\t\t\t<div class=\"elementor-field-type-text elementor-field-group elementor-column elementor-field-group-field_996b949 elementor-col-50\">\n\t\t\t\t\t\t\t\t\t\t\t\t<label for=\"form-field-field_996b949\" class=\"elementor-field-label elementor-screen-only\">\n\t\t\t\t\t\t\t\tStad\t\t\t\t\t\t\t<\/label>\n\t\t\t\t\t\t\t\t\t\t\t\t\t\t<input size=\"1\" type=\"text\" name=\"form_fields[field_996b949]\" id=\"form-field-field_996b949\" class=\"elementor-field elementor-size-sm  elementor-field-textual\" placeholder=\"Stad\">\n\t\t\t\t\t\t\t\t\t\t\t<\/div>\n\t\t\t\t\t\t\t\t<div class=\"elementor-field-type-text elementor-field-group elementor-column elementor-field-group-field_93572e1 elementor-col-50\">\n\t\t\t\t\t\t\t\t\t\t\t\t<label for=\"form-field-field_93572e1\" class=\"elementor-field-label elementor-screen-only\">\n\t\t\t\t\t\t\t\tLand\t\t\t\t\t\t\t<\/label>\n\t\t\t\t\t\t\t\t\t\t\t\t\t\t<input size=\"1\" type=\"text\" name=\"form_fields[field_93572e1]\" id=\"form-field-field_93572e1\" class=\"elementor-field elementor-size-sm  elementor-field-textual\" placeholder=\"Land\">\n\t\t\t\t\t\t\t\t\t\t\t<\/div>\n\t\t\t\t\t\t\t\t<div class=\"elementor-field-type-email elementor-field-group elementor-column elementor-field-group-email elementor-col-60 elementor-field-required\">\n\t\t\t\t\t\t\t\t\t\t\t\t<label for=\"form-field-email\" class=\"elementor-field-label elementor-screen-only\">\n\t\t\t\t\t\t\t\tE-post\t\t\t\t\t\t\t<\/label>\n\t\t\t\t\t\t\t\t\t\t\t\t\t\t<input size=\"1\" type=\"email\" name=\"form_fields[email]\" id=\"form-field-email\" class=\"elementor-field elementor-size-sm  elementor-field-textual\" placeholder=\"E-post\" required=\"required\">\n\t\t\t\t\t\t\t\t\t\t\t<\/div>\n\t\t\t\t\t\t\t\t<div class=\"elementor-field-type-text elementor-field-group elementor-column elementor-field-group-field_4a5297a elementor-col-40\">\n\t\t\t\t\t\t\t\t\t\t\t\t<label for=\"form-field-field_4a5297a\" class=\"elementor-field-label elementor-screen-only\">\n\t\t\t\t\t\t\t\tTelefon\t\t\t\t\t\t\t<\/label>\n\t\t\t\t\t\t\t\t\t\t\t\t\t\t<input size=\"1\" type=\"text\" name=\"form_fields[field_4a5297a]\" id=\"form-field-field_4a5297a\" class=\"elementor-field elementor-size-sm  elementor-field-textual\" placeholder=\"Telefon\">\n\t\t\t\t\t\t\t\t\t\t\t<\/div>\n\t\t\t\t\t\t\t\t<div class=\"elementor-field-type-html elementor-field-group elementor-column elementor-field-group-field_007bc7d elementor-col-100\">\n\t\t\t\t\t<h4 style=\"margin-bottom:0\">Vilken typ av kontakt f\u00f6redrar du?<\/h4>\t\t\t\t<\/div>\n\t\t\t\t\t\t\t\t<div class=\"elementor-field-type-radio elementor-field-group elementor-column elementor-field-group-field_186a6c8 elementor-col-100\">\n\t\t\t\t\t\t\t\t\t\t\t\t<label for=\"form-field-field_186a6c8\" class=\"elementor-field-label elementor-screen-only\">\n\t\t\t\t\t\t\t\tVilken typ av kontakt f\u00f6redrar du?\t\t\t\t\t\t\t<\/label>\n\t\t\t\t\t\t<div class=\"elementor-field-subgroup  elementor-subgroup-inline\"><span class=\"elementor-field-option\"><input type=\"radio\" value=\"Ring\" id=\"form-field-field_186a6c8-0\" name=\"form_fields[field_186a6c8]\"> <label for=\"form-field-field_186a6c8-0\">Ring<\/label><\/span><span class=\"elementor-field-option\"><input type=\"radio\" value=\"Videosamtal\" id=\"form-field-field_186a6c8-1\" name=\"form_fields[field_186a6c8]\"> <label for=\"form-field-field_186a6c8-1\">Videosamtal<\/label><\/span><span class=\"elementor-field-option\"><input type=\"radio\" value=\"Videosamtal med samtidig \u00f6vers\u00e4ttning\" id=\"form-field-field_186a6c8-2\" name=\"form_fields[field_186a6c8]\"> <label for=\"form-field-field_186a6c8-2\">Videosamtal med samtidig \u00f6vers\u00e4ttning<\/label><\/span><\/div>\t\t\t\t<\/div>\n\t\t\t\t\t\t\t\t<div class=\"elementor-field-type-html elementor-field-group elementor-column elementor-field-group-field_961b911 elementor-col-100\">\n\t\t\t\t\t<h4 style=\"margin-bottom:0\">V\u00e4nligen meddela oss n\u00e4r du \u00e4r tillg\u00e4nglig f\u00f6r att prata.\n<\/h4>\t\t\t\t<\/div>\n\t\t\t\t\t\t\t\t<div class=\"elementor-field-type-date elementor-field-group elementor-column elementor-field-group-field_3d561e1 elementor-col-50\">\n\t\t\t\t\t\t\t\t\t\t\t\t<label for=\"form-field-field_3d561e1\" class=\"elementor-field-label elementor-screen-only\">\n\t\t\t\t\t\t\t\tdag\t\t\t\t\t\t\t<\/label>\n\t\t\t\t\t\t\n\t\t<input type=\"date\" name=\"form_fields[field_3d561e1]\" id=\"form-field-field_3d561e1\" class=\"elementor-field elementor-size-sm  elementor-field-textual elementor-date-field\" placeholder=\"Vilken dag?\" pattern=\"[0-9]{4}-[0-9]{2}-[0-9]{2}\">\n\t\t\t\t\t\t<\/div>\n\t\t\t\t\t\t\t\t<div class=\"elementor-field-type-select elementor-field-group elementor-column elementor-field-group-field_2c660c2 elementor-col-50\">\n\t\t\t\t\t\t\t\t\t\t\t\t<label for=\"form-field-field_2c660c2\" class=\"elementor-field-label elementor-screen-only\">\n\t\t\t\t\t\t\t\tTidslucka\t\t\t\t\t\t\t<\/label>\n\t\t\t\t\t\t\t\t<div class=\"elementor-field elementor-select-wrapper remove-before \">\n\t\t\t<div class=\"select-caret-down-wrapper\">\n\t\t\t\t<svg aria-hidden=\"true\" class=\"e-font-icon-svg e-eicon-caret-down\" viewBox=\"0 0 571.4 571.4\" xmlns=\"http:\/\/www.w3.org\/2000\/svg\"><path d=\"M571 393Q571 407 561 418L311 668Q300 679 286 679T261 668L11 418Q0 407 0 393T11 368 36 357H536Q550 357 561 368T571 393Z\"><\/path><\/svg>\t\t\t<\/div>\n\t\t\t<select name=\"form_fields[field_2c660c2]\" id=\"form-field-field_2c660c2\" class=\"elementor-field-textual elementor-size-sm\">\n\t\t\t\t\t\t\t\t\t<option value=\"Vilken tidslucka?\">Vilken tidslucka?<\/option>\n\t\t\t\t\t\t\t\t\t<option value=\"F\u00f6rmiddag (9:00\u201312:00)\">F\u00f6rmiddag (9:00\u201312:00)<\/option>\n\t\t\t\t\t\t\t\t\t<option value=\"Middag (12:00\u201315:00)\">Middag (12:00\u201315:00)<\/option>\n\t\t\t\t\t\t\t\t\t<option value=\"Eftermiddag (15:00\u201318:00)\">Eftermiddag (15:00\u201318:00)<\/option>\n\t\t\t\t\t\t\t\t\t<option value=\"Kv\u00e4ll (18:00\u201321:00)\">Kv\u00e4ll (18:00\u201321:00)<\/option>\n\t\t\t\t\t\t\t<\/select>\n\t\t<\/div>\n\t\t\t\t\t\t<\/div>\n\t\t\t\t\t\t\t\t<div class=\"elementor-field-type-textarea elementor-field-group elementor-column elementor-field-group-message elementor-col-100\">\n\t\t\t\t\t\t\t\t\t\t\t\t<label for=\"form-field-message\" class=\"elementor-field-label elementor-screen-only\">\n\t\t\t\t\t\t\t\tMeddelande\t\t\t\t\t\t\t<\/label>\n\t\t\t\t\t\t<textarea class=\"elementor-field-textual elementor-field  elementor-size-sm\" name=\"form_fields[message]\" id=\"form-field-message\" rows=\"4\" placeholder=\"Meddelande\"><\/textarea>\t\t\t\t<\/div>\n\t\t\t\t\t\t\t\t<div class=\"elementor-field-type-acceptance elementor-field-group elementor-column elementor-field-group-field_83d4ca7 elementor-col-100\">\n\t\t\t\t\t\t\t\t\t\t\t\t<label for=\"form-field-field_83d4ca7\" class=\"elementor-field-label elementor-screen-only\">\n\t\t\t\t\t\t\t\tintegritetspolicy\t\t\t\t\t\t\t<\/label>\n\t\t\t\t\t\t\t\t<div class=\"elementor-field-subgroup\">\n\t\t\t<span class=\"elementor-field-option\">\n\t\t\t\t<input type=\"checkbox\" name=\"form_fields[field_83d4ca7]\" id=\"form-field-field_83d4ca7\" class=\"elementor-field elementor-size-sm  elementor-acceptance-field\">\n\t\t\t\t<label for=\"form-field-field_83d4ca7\">Jag har l\u00e4st och accepterar <a href=\"https:\/\/finziash.com\/sv\/politica-de-privacidad\/\" style=\"color:#000; text-decoration:underline\" target=\"_blank\">integritetspolicyn.<\/a><\/label>\t\t\t<\/span>\n\t\t<\/div>\n\t\t\t\t\t\t<\/div>\n\t\t\t\t\t\t\t\t<div class=\"elementor-field-group elementor-column elementor-field-type-submit elementor-col-30 e-form__buttons\">\n\t\t\t\t\t<button class=\"elementor-button elementor-size-sm\" type=\"submit\">\n\t\t\t\t\t\t<span class=\"elementor-button-content-wrapper\">\n\t\t\t\t\t\t\t\t\t\t\t\t\t\t\t\t\t\t\t\t\t\t<span class=\"elementor-button-text\">Skicka<\/span>\n\t\t\t\t\t\t\t\t\t\t\t\t\t<\/span>\n\t\t\t\t\t<\/button>\n\t\t\t\t<\/div>\n\t\t\t<\/div>\n\t\t<\/form>\n\t\t\t\t\t\t<\/div>\n\t\t\t\t<\/div>\n\t\t\t\t<\/div>\n\t\t\t\t\t<\/div>\n\t\t\t\t<\/div>\n\t\t\t\t<\/div>\n\t\t","protected":false},"excerpt":{"rendered":"<p>L\u00e5t oss prata om ditt bol\u00e5n En specialiserad r\u00e5dgivare kommer att granska ditt \u00e4rende och v\u00e4gleda dig fr\u00e5n f\u00f6rsta b\u00f6rjan. L\u00e4mna dina uppgifter s\u00e5 kommer en av v\u00e5ra bol\u00e5nespecialister att kontakta dig f\u00f6r att genomf\u00f6ra en kostnadsfri f\u00f6rsta bed\u00f6mning. Vi analyserar din situation med expertkriterier och ger dig r\u00e5d om det b\u00e4sta s\u00e4ttet att strukturera [&hellip;]<\/p>\n","protected":false},"author":1,"featured_media":0,"parent":0,"menu_order":0,"comment_status":"closed","ping_status":"closed","template":"","meta":{"footnotes":""},"class_list":["post-1090","page","type-page","status-publish","hentry"],"yoast_head":"<!-- This site is optimized with the Yoast SEO plugin v26.0 - https:\/\/yoast.com\/wordpress\/plugins\/seo\/ -->\n<title>Kontakt - Finzia<\/title>\n<meta name=\"robots\" content=\"index, follow, max-snippet:-1, max-image-preview:large, max-video-preview:-1\" \/>\n<link rel=\"canonical\" href=\"https:\/\/finziash.com\/sv\/contacto\/\" \/>\n<meta property=\"og:locale\" content=\"sv_SE\" \/>\n<meta property=\"og:type\" content=\"article\" \/>\n<meta property=\"og:title\" content=\"Kontakt - Finzia\" \/>\n<meta property=\"og:description\" content=\"L\u00e5t oss prata om ditt bol\u00e5n En specialiserad r\u00e5dgivare kommer att granska ditt \u00e4rende och v\u00e4gleda dig fr\u00e5n f\u00f6rsta b\u00f6rjan. L\u00e4mna dina uppgifter s\u00e5 kommer en av v\u00e5ra bol\u00e5nespecialister att kontakta dig f\u00f6r att genomf\u00f6ra en kostnadsfri f\u00f6rsta bed\u00f6mning. Vi analyserar din situation med expertkriterier och ger dig r\u00e5d om det b\u00e4sta s\u00e4ttet att strukturera [&hellip;]\" \/>\n<meta property=\"og:url\" content=\"https:\/\/finziash.com\/sv\/contacto\/\" \/>\n<meta property=\"og:site_name\" content=\"Finzia\" \/>\n<meta property=\"article:modified_time\" content=\"2026-02-03T20:08:09+00:00\" \/>\n<meta property=\"og:image\" content=\"https:\/\/finziash.com\/wp-content\/uploads\/2025\/08\/busca-tu-hipoteca.jpg\" \/>\n\t<meta property=\"og:image:width\" content=\"891\" \/>\n\t<meta property=\"og:image:height\" content=\"528\" \/>\n\t<meta property=\"og:image:type\" content=\"image\/jpeg\" \/>\n<meta name=\"twitter:card\" content=\"summary_large_image\" \/>\n<script type=\"application\/ld+json\" class=\"yoast-schema-graph\">{\"@context\":\"https:\/\/schema.org\",\"@graph\":[{\"@type\":\"WebPage\",\"@id\":\"https:\/\/finziash.com\/sv\/contacto\/\",\"url\":\"https:\/\/finziash.com\/sv\/contacto\/\",\"name\":\"Kontakt - Finzia\",\"isPartOf\":{\"@id\":\"https:\/\/finziash.com\/#website\"},\"primaryImageOfPage\":{\"@id\":\"https:\/\/finziash.com\/sv\/contacto\/#primaryimage\"},\"image\":{\"@id\":\"https:\/\/finziash.com\/sv\/contacto\/#primaryimage\"},\"thumbnailUrl\":\"https:\/\/finziash.com\/wp-content\/uploads\/2025\/08\/busca-tu-hipoteca.jpg\",\"datePublished\":\"2025-08-26T11:48:40+00:00\",\"dateModified\":\"2026-02-03T20:08:09+00:00\",\"breadcrumb\":{\"@id\":\"https:\/\/finziash.com\/sv\/contacto\/#breadcrumb\"},\"inLanguage\":\"sv-SE\",\"potentialAction\":[{\"@type\":\"ReadAction\",\"target\":[\"https:\/\/finziash.com\/sv\/contacto\/\"]}]},{\"@type\":\"ImageObject\",\"inLanguage\":\"sv-SE\",\"@id\":\"https:\/\/finziash.com\/sv\/contacto\/#primaryimage\",\"url\":\"https:\/\/finziash.com\/wp-content\/uploads\/2025\/08\/busca-tu-hipoteca.jpg\",\"contentUrl\":\"https:\/\/finziash.com\/wp-content\/uploads\/2025\/08\/busca-tu-hipoteca.jpg\"},{\"@type\":\"BreadcrumbList\",\"@id\":\"https:\/\/finziash.com\/sv\/contacto\/#breadcrumb\",\"itemListElement\":[{\"@type\":\"ListItem\",\"position\":1,\"name\":\"Portada\",\"item\":\"https:\/\/finziash.com\/sv\/inicio\/\"},{\"@type\":\"ListItem\",\"position\":2,\"name\":\"Kontakt\"}]},{\"@type\":\"WebSite\",\"@id\":\"https:\/\/finziash.com\/#website\",\"url\":\"https:\/\/finziash.com\/\",\"name\":\"Finzia\",\"description\":\"soluciones hipotecarias\",\"potentialAction\":[{\"@type\":\"SearchAction\",\"target\":{\"@type\":\"EntryPoint\",\"urlTemplate\":\"https:\/\/finziash.com\/?s={search_term_string}\"},\"query-input\":{\"@type\":\"PropertyValueSpecification\",\"valueRequired\":true,\"valueName\":\"search_term_string\"}}],\"inLanguage\":\"sv-SE\"}]}<\/script>\n<!-- \/ Yoast SEO plugin. -->","yoast_head_json":{"title":"Kontakt - Finzia","robots":{"index":"index","follow":"follow","max-snippet":"max-snippet:-1","max-image-preview":"max-image-preview:large","max-video-preview":"max-video-preview:-1"},"canonical":"https:\/\/finziash.com\/sv\/contacto\/","og_locale":"sv_SE","og_type":"article","og_title":"Kontakt - Finzia","og_description":"L\u00e5t oss prata om ditt bol\u00e5n En specialiserad r\u00e5dgivare kommer att granska ditt \u00e4rende och v\u00e4gleda dig fr\u00e5n f\u00f6rsta b\u00f6rjan. L\u00e4mna dina uppgifter s\u00e5 kommer en av v\u00e5ra bol\u00e5nespecialister att kontakta dig f\u00f6r att genomf\u00f6ra en kostnadsfri f\u00f6rsta bed\u00f6mning. Vi analyserar din situation med expertkriterier och ger dig r\u00e5d om det b\u00e4sta s\u00e4ttet att strukturera [&hellip;]","og_url":"https:\/\/finziash.com\/sv\/contacto\/","og_site_name":"Finzia","article_modified_time":"2026-02-03T20:08:09+00:00","og_image":[{"width":891,"height":528,"url":"https:\/\/finziash.com\/wp-content\/uploads\/2025\/08\/busca-tu-hipoteca.jpg","type":"image\/jpeg"}],"twitter_card":"summary_large_image","schema":{"@context":"https:\/\/schema.org","@graph":[{"@type":"WebPage","@id":"https:\/\/finziash.com\/sv\/contacto\/","url":"https:\/\/finziash.com\/sv\/contacto\/","name":"Kontakt - Finzia","isPartOf":{"@id":"https:\/\/finziash.com\/#website"},"primaryImageOfPage":{"@id":"https:\/\/finziash.com\/sv\/contacto\/#primaryimage"},"image":{"@id":"https:\/\/finziash.com\/sv\/contacto\/#primaryimage"},"thumbnailUrl":"https:\/\/finziash.com\/wp-content\/uploads\/2025\/08\/busca-tu-hipoteca.jpg","datePublished":"2025-08-26T11:48:40+00:00","dateModified":"2026-02-03T20:08:09+00:00","breadcrumb":{"@id":"https:\/\/finziash.com\/sv\/contacto\/#breadcrumb"},"inLanguage":"sv-SE","potentialAction":[{"@type":"ReadAction","target":["https:\/\/finziash.com\/sv\/contacto\/"]}]},{"@type":"ImageObject","inLanguage":"sv-SE","@id":"https:\/\/finziash.com\/sv\/contacto\/#primaryimage","url":"https:\/\/finziash.com\/wp-content\/uploads\/2025\/08\/busca-tu-hipoteca.jpg","contentUrl":"https:\/\/finziash.com\/wp-content\/uploads\/2025\/08\/busca-tu-hipoteca.jpg"},{"@type":"BreadcrumbList","@id":"https:\/\/finziash.com\/sv\/contacto\/#breadcrumb","itemListElement":[{"@type":"ListItem","position":1,"name":"Portada","item":"https:\/\/finziash.com\/sv\/inicio\/"},{"@type":"ListItem","position":2,"name":"Kontakt"}]},{"@type":"WebSite","@id":"https:\/\/finziash.com\/#website","url":"https:\/\/finziash.com\/","name":"Finzia","description":"soluciones hipotecarias","potentialAction":[{"@type":"SearchAction","target":{"@type":"EntryPoint","urlTemplate":"https:\/\/finziash.com\/?s={search_term_string}"},"query-input":{"@type":"PropertyValueSpecification","valueRequired":true,"valueName":"search_term_string"}}],"inLanguage":"sv-SE"}]}},"_links":{"self":[{"href":"https:\/\/finziash.com\/sv\/wp-json\/wp\/v2\/pages\/1090","targetHints":{"allow":["GET"]}}],"collection":[{"href":"https:\/\/finziash.com\/sv\/wp-json\/wp\/v2\/pages"}],"about":[{"href":"https:\/\/finziash.com\/sv\/wp-json\/wp\/v2\/types\/page"}],"author":[{"embeddable":true,"href":"https:\/\/finziash.com\/sv\/wp-json\/wp\/v2\/users\/1"}],"replies":[{"embeddable":true,"href":"https:\/\/finziash.com\/sv\/wp-json\/wp\/v2\/comments?post=1090"}],"version-history":[{"count":7,"href":"https:\/\/finziash.com\/sv\/wp-json\/wp\/v2\/pages\/1090\/revisions"}],"predecessor-version":[{"id":1820,"href":"https:\/\/finziash.com\/sv\/wp-json\/wp\/v2\/pages\/1090\/revisions\/1820"}],"wp:attachment":[{"href":"https:\/\/finziash.com\/sv\/wp-json\/wp\/v2\/media?parent=1090"}],"curies":[{"name":"wp","href":"https:\/\/api.w.org\/{rel}","templated":true}]}}