{"id":1286,"date":"2025-05-22T13:32:13","date_gmt":"2025-05-22T13:32:13","guid":{"rendered":"https:\/\/finziash.com\/politica-de-privacidad\/"},"modified":"2025-10-13T14:03:17","modified_gmt":"2025-10-13T14:03:17","slug":"politica-de-privacidad","status":"publish","type":"page","link":"https:\/\/finziash.com\/sv\/politica-de-privacidad\/","title":{"rendered":"Integritetspolicy"},"content":{"rendered":"\n<p>P\u00e5 <strong><a href=\"http:\/\/www.finziash.com\">www.finziash.com<\/a><\/strong> \u00e4r anv\u00e4ndarnas integritet en h\u00f6gsta prioritet. Denna integritetspolicy f\u00f6rklarar hur vi samlar in, anv\u00e4nder och skyddar personuppgifter som tillhandah\u00e5lls av anv\u00e4ndare via v\u00e5r webbplats.<\/p>\n\n\n\n<hr class=\"wp-block-separator has-alpha-channel-opacity\"\/>\n\n\n\n<h3 class=\"wp-block-heading\">1. Personuppgiftsansvarig<\/h3>\n\n\n\n<p><strong>Webbplats\u00e4gare:<\/strong> MU\u00d1OZ, OSCAR ANDRES<br><strong>Skatteidentifikationsnummer (NIF):<\/strong> Y8024384C<br><strong>Adress:<\/strong> Calle Camelia 75, Block 4, Portal A, 1\u00ba A, 29639 Benalm\u00e1dena (M\u00e1laga), Spanien<br><strong>E-post:<\/strong> <a>oscar.munoz@finziash.com<\/a><\/p>\n\n\n\n<p>\u00c4garen \u00e4r ansvarig f\u00f6r behandlingen av personuppgifter som anv\u00e4ndare tillhandah\u00e5ller.<\/p>\n\n\n\n<hr class=\"wp-block-separator has-alpha-channel-opacity\"\/>\n\n\n\n<h3 class=\"wp-block-heading\">2. Personuppgifter vi samlar in<\/h3>\n\n\n\n<p>Vi samlar endast in de uppgifter som \u00e4r n\u00f6dv\u00e4ndiga f\u00f6r att hantera v\u00e5r relation med anv\u00e4ndare och tillhandah\u00e5lla v\u00e5ra tj\u00e4nster. Personuppgifterna kan inkludera:<\/p>\n\n\n\n<ul class=\"wp-block-list\">\n<li>Fullst\u00e4ndigt namn<\/li>\n\n\n\n<li>E-postadress<\/li>\n\n\n\n<li>Telefonnummer (om det frivilligt tillhandah\u00e5lls)<\/li>\n\n\n\n<li>Annan information som anv\u00e4ndaren frivilligt skickar via kontaktformul\u00e4r<\/li>\n<\/ul>\n\n\n\n<p>Vi samlar inte in k\u00e4nsliga uppgifter eller information fr\u00e5n minder\u00e5riga.<\/p>\n\n\n\n<hr class=\"wp-block-separator has-alpha-channel-opacity\"\/>\n\n\n\n<h3 class=\"wp-block-heading\">3. Syfte med behandlingen<\/h3>\n\n\n\n<p>De insamlade personuppgifterna anv\u00e4nds enbart f\u00f6r f\u00f6ljande \u00e4ndam\u00e5l:<\/p>\n\n\n\n<ol class=\"wp-block-list\">\n<li>Besvara fr\u00e5gor och f\u00f6rfr\u00e5gningar som skickas via webbplatsen.<\/li>\n\n\n\n<li>Hantera tillhandah\u00e5llandet av tj\u00e4nster som erbjuds p\u00e5 <strong><a href=\"http:\/\/www.finziash.com\">www.finziash.com<\/a><\/strong>.<\/li>\n\n\n\n<li>Skicka kommunikation relaterad till v\u00e5ra tj\u00e4nster, f\u00f6rutsatt att anv\u00e4ndaren uttryckligen har gett sitt samtycke.<\/li>\n\n\n\n<li>Uppfylla till\u00e4mpliga lagstadgade skyldigheter.<\/li>\n<\/ol>\n\n\n\n<hr class=\"wp-block-separator has-alpha-channel-opacity\"\/>\n\n\n\n<h3 class=\"wp-block-heading\">4. R\u00e4ttslig grund f\u00f6r behandlingen<\/h3>\n\n\n\n<p>Den r\u00e4ttsliga grunden f\u00f6r behandling av personuppgifter \u00e4r:<\/p>\n\n\n\n<ul class=\"wp-block-list\">\n<li>Anv\u00e4ndarens samtycke vid inskick av information via kontaktformul\u00e4r.<\/li>\n\n\n\n<li>Fullg\u00f6rande av avtal eller hantering av informationsf\u00f6rfr\u00e5gningar.<\/li>\n\n\n\n<li>Uppfyllande av lagstadgade skyldigheter som g\u00e4ller f\u00f6r webbplats\u00e4garen.<\/li>\n<\/ul>\n\n\n\n<hr class=\"wp-block-separator has-alpha-channel-opacity\"\/>\n\n\n\n<h3 class=\"wp-block-heading\">5. Lagring av uppgifter<\/h3>\n\n\n\n<p>Personuppgifter lagras s\u00e5 l\u00e4nge det beh\u00f6vs f\u00f6r att uppr\u00e4tth\u00e5lla relationen med anv\u00e4ndaren och f\u00f6r att uppfylla lagstadgade skyldigheter. N\u00e4r dessa perioder l\u00f6pt ut raderas eller sp\u00e4rras uppgifterna p\u00e5 ett s\u00e4kert s\u00e4tt.<\/p>\n\n\n\n<hr class=\"wp-block-separator has-alpha-channel-opacity\"\/>\n\n\n\n<h3 class=\"wp-block-heading\">6. Delning av uppgifter<\/h3>\n\n\n\n<p>Personuppgifter delas inte med tredje part, utom n\u00e4r det kr\u00e4vs enligt lag eller \u00e4r n\u00f6dv\u00e4ndigt f\u00f6r korrekt tillhandah\u00e5llande av tj\u00e4nster som anv\u00e4ndaren beg\u00e4rt.<\/p>\n\n\n\n<hr class=\"wp-block-separator has-alpha-channel-opacity\"\/>\n\n\n\n<h3 class=\"wp-block-heading\">7. Anv\u00e4ndarens r\u00e4ttigheter<\/h3>\n\n\n\n<p>Anv\u00e4ndare kan n\u00e4r som helst ut\u00f6va f\u00f6ljande r\u00e4ttigheter:<\/p>\n\n\n\n<ul class=\"wp-block-list\">\n<li><strong>Tillg\u00e5ng:<\/strong> F\u00e5 veta vilka personuppgifter vi har och hur de behandlas.<\/li>\n\n\n\n<li><strong>R\u00e4ttelse:<\/strong> Beg\u00e4ra korrigering av felaktiga eller ofullst\u00e4ndiga uppgifter.<\/li>\n\n\n\n<li><strong>Radering:<\/strong> Beg\u00e4ra radering av personuppgifter n\u00e4r de inte l\u00e4ngre \u00e4r n\u00f6dv\u00e4ndiga.<\/li>\n\n\n\n<li><strong>Begr\u00e4nsning:<\/strong> Beg\u00e4ra begr\u00e4nsning av behandling av uppgifter.<\/li>\n\n\n\n<li><strong>Portabilitet:<\/strong> Beg\u00e4ra att personuppgifter l\u00e4mnas i ett strukturerat, maskinl\u00e4sbart format.<\/li>\n\n\n\n<li><strong>Inv\u00e4ndning:<\/strong> Inv\u00e4nda mot behandling av personuppgifter av legitima sk\u00e4l.<\/li>\n<\/ul>\n\n\n\n<p>F\u00f6r att ut\u00f6va dessa r\u00e4ttigheter kan anv\u00e4ndare kontakta: <a>oscar.munoz@finziash.com<\/a><\/p>\n\n\n\n<hr class=\"wp-block-separator has-alpha-channel-opacity\"\/>\n\n\n\n<h3 class=\"wp-block-heading\">8. S\u00e4kerhet f\u00f6r uppgifter<\/h3>\n\n\n\n<p>Tekniska och organisatoriska \u00e5tg\u00e4rder \u00e4r p\u00e5 plats f\u00f6r att s\u00e4kerst\u00e4lla s\u00e4kerheten f\u00f6r personuppgifter och f\u00f6rhindra obeh\u00f6rig \u00e5tkomst, f\u00f6r\u00e4ndring, f\u00f6rlust eller behandling, i enlighet med g\u00e4llande lagstiftning.<\/p>\n\n\n\n<hr class=\"wp-block-separator has-alpha-channel-opacity\"\/>\n\n\n\n<h3 class=\"wp-block-heading\">9. \u00c4ndringar i integritetspolicyn<\/h3>\n\n\n\n<p>\u00c4garen f\u00f6rbeh\u00e5ller sig r\u00e4tten att \u00e4ndra denna integritetspolicy f\u00f6r att anpassa den till lag\u00e4ndringar eller uppdateringar p\u00e5 webbplatsen. Eventuella \u00e4ndringar publiceras p\u00e5 denna sida, med datum f\u00f6r senaste uppdatering.<\/p>\n\n\n\n<p><strong>Senast uppdaterad:<\/strong> 13 oktober 2025<\/p>\n\n\n\n<p><\/p>\n","protected":false},"excerpt":{"rendered":"<p>P\u00e5 www.finziash.com \u00e4r anv\u00e4ndarnas integritet en h\u00f6gsta prioritet. Denna integritetspolicy f\u00f6rklarar hur vi samlar in, anv\u00e4nder och skyddar personuppgifter som tillhandah\u00e5lls av anv\u00e4ndare via v\u00e5r webbplats. 1. Personuppgiftsansvarig Webbplats\u00e4gare: MU\u00d1OZ, OSCAR ANDRESSkatteidentifikationsnummer (NIF): Y8024384CAdress: Calle Camelia 75, Block 4, Portal A, 1\u00ba A, 29639 Benalm\u00e1dena (M\u00e1laga), SpanienE-post: oscar.munoz@finziash.com \u00c4garen \u00e4r ansvarig f\u00f6r behandlingen av personuppgifter [&hellip;]<\/p>\n","protected":false},"author":1,"featured_media":0,"parent":0,"menu_order":0,"comment_status":"closed","ping_status":"closed","template":"","meta":{"footnotes":""},"class_list":["post-1286","page","type-page","status-publish","hentry"],"yoast_head":"<!-- This site is optimized with the Yoast SEO plugin v26.0 - https:\/\/yoast.com\/wordpress\/plugins\/seo\/ -->\n<title>Integritetspolicy - Finzia<\/title>\n<meta name=\"robots\" content=\"index, follow, max-snippet:-1, max-image-preview:large, max-video-preview:-1\" \/>\n<link rel=\"canonical\" href=\"https:\/\/finziash.com\/politica-de-privacidad\/\" \/>\n<meta property=\"og:locale\" content=\"sv_SE\" \/>\n<meta property=\"og:type\" content=\"article\" \/>\n<meta property=\"og:title\" content=\"Integritetspolicy - Finzia\" \/>\n<meta property=\"og:description\" content=\"P\u00e5 www.finziash.com \u00e4r anv\u00e4ndarnas integritet en h\u00f6gsta prioritet. Denna integritetspolicy f\u00f6rklarar hur vi samlar in, anv\u00e4nder och skyddar personuppgifter som tillhandah\u00e5lls av anv\u00e4ndare via v\u00e5r webbplats. 1. Personuppgiftsansvarig Webbplats\u00e4gare: MU\u00d1OZ, OSCAR ANDRESSkatteidentifikationsnummer (NIF): Y8024384CAdress: Calle Camelia 75, Block 4, Portal A, 1\u00ba A, 29639 Benalm\u00e1dena (M\u00e1laga), SpanienE-post: oscar.munoz@finziash.com \u00c4garen \u00e4r ansvarig f\u00f6r behandlingen av personuppgifter [&hellip;]\" \/>\n<meta property=\"og:url\" content=\"https:\/\/finziash.com\/politica-de-privacidad\/\" \/>\n<meta property=\"og:site_name\" content=\"Finzia\" \/>\n<meta property=\"article:modified_time\" content=\"2025-10-13T14:03:17+00:00\" \/>\n<meta name=\"twitter:card\" content=\"summary_large_image\" \/>\n<meta name=\"twitter:label1\" content=\"Ber\u00e4knad l\u00e4stid\" \/>\n\t<meta name=\"twitter:data1\" content=\"3 minuter\" \/>\n<script type=\"application\/ld+json\" class=\"yoast-schema-graph\">{\"@context\":\"https:\/\/schema.org\",\"@graph\":[{\"@type\":\"WebPage\",\"@id\":\"https:\/\/finziash.com\/politica-de-privacidad\/\",\"url\":\"https:\/\/finziash.com\/politica-de-privacidad\/\",\"name\":\"Integritetspolicy - Finzia\",\"isPartOf\":{\"@id\":\"https:\/\/finziash.com\/#website\"},\"datePublished\":\"2025-05-22T13:32:13+00:00\",\"dateModified\":\"2025-10-13T14:03:17+00:00\",\"breadcrumb\":{\"@id\":\"https:\/\/finziash.com\/politica-de-privacidad\/#breadcrumb\"},\"inLanguage\":\"sv-SE\",\"potentialAction\":[{\"@type\":\"ReadAction\",\"target\":[\"https:\/\/finziash.com\/politica-de-privacidad\/\"]}]},{\"@type\":\"BreadcrumbList\",\"@id\":\"https:\/\/finziash.com\/politica-de-privacidad\/#breadcrumb\",\"itemListElement\":[{\"@type\":\"ListItem\",\"position\":1,\"name\":\"Portada\",\"item\":\"https:\/\/finziash.com\/sv\/inicio\/\"},{\"@type\":\"ListItem\",\"position\":2,\"name\":\"Integritetspolicy\"}]},{\"@type\":\"WebSite\",\"@id\":\"https:\/\/finziash.com\/#website\",\"url\":\"https:\/\/finziash.com\/\",\"name\":\"Finzia\",\"description\":\"soluciones hipotecarias\",\"potentialAction\":[{\"@type\":\"SearchAction\",\"target\":{\"@type\":\"EntryPoint\",\"urlTemplate\":\"https:\/\/finziash.com\/?s={search_term_string}\"},\"query-input\":{\"@type\":\"PropertyValueSpecification\",\"valueRequired\":true,\"valueName\":\"search_term_string\"}}],\"inLanguage\":\"sv-SE\"}]}<\/script>\n<!-- \/ Yoast SEO plugin. -->","yoast_head_json":{"title":"Integritetspolicy - Finzia","robots":{"index":"index","follow":"follow","max-snippet":"max-snippet:-1","max-image-preview":"max-image-preview:large","max-video-preview":"max-video-preview:-1"},"canonical":"https:\/\/finziash.com\/politica-de-privacidad\/","og_locale":"sv_SE","og_type":"article","og_title":"Integritetspolicy - Finzia","og_description":"P\u00e5 www.finziash.com \u00e4r anv\u00e4ndarnas integritet en h\u00f6gsta prioritet. Denna integritetspolicy f\u00f6rklarar hur vi samlar in, anv\u00e4nder och skyddar personuppgifter som tillhandah\u00e5lls av anv\u00e4ndare via v\u00e5r webbplats. 1. Personuppgiftsansvarig Webbplats\u00e4gare: MU\u00d1OZ, OSCAR ANDRESSkatteidentifikationsnummer (NIF): Y8024384CAdress: Calle Camelia 75, Block 4, Portal A, 1\u00ba A, 29639 Benalm\u00e1dena (M\u00e1laga), SpanienE-post: oscar.munoz@finziash.com \u00c4garen \u00e4r ansvarig f\u00f6r behandlingen av personuppgifter [&hellip;]","og_url":"https:\/\/finziash.com\/politica-de-privacidad\/","og_site_name":"Finzia","article_modified_time":"2025-10-13T14:03:17+00:00","twitter_card":"summary_large_image","twitter_misc":{"Ber\u00e4knad l\u00e4stid":"3 minuter"},"schema":{"@context":"https:\/\/schema.org","@graph":[{"@type":"WebPage","@id":"https:\/\/finziash.com\/politica-de-privacidad\/","url":"https:\/\/finziash.com\/politica-de-privacidad\/","name":"Integritetspolicy - Finzia","isPartOf":{"@id":"https:\/\/finziash.com\/#website"},"datePublished":"2025-05-22T13:32:13+00:00","dateModified":"2025-10-13T14:03:17+00:00","breadcrumb":{"@id":"https:\/\/finziash.com\/politica-de-privacidad\/#breadcrumb"},"inLanguage":"sv-SE","potentialAction":[{"@type":"ReadAction","target":["https:\/\/finziash.com\/politica-de-privacidad\/"]}]},{"@type":"BreadcrumbList","@id":"https:\/\/finziash.com\/politica-de-privacidad\/#breadcrumb","itemListElement":[{"@type":"ListItem","position":1,"name":"Portada","item":"https:\/\/finziash.com\/sv\/inicio\/"},{"@type":"ListItem","position":2,"name":"Integritetspolicy"}]},{"@type":"WebSite","@id":"https:\/\/finziash.com\/#website","url":"https:\/\/finziash.com\/","name":"Finzia","description":"soluciones hipotecarias","potentialAction":[{"@type":"SearchAction","target":{"@type":"EntryPoint","urlTemplate":"https:\/\/finziash.com\/?s={search_term_string}"},"query-input":{"@type":"PropertyValueSpecification","valueRequired":true,"valueName":"search_term_string"}}],"inLanguage":"sv-SE"}]}},"_links":{"self":[{"href":"https:\/\/finziash.com\/sv\/wp-json\/wp\/v2\/pages\/1286","targetHints":{"allow":["GET"]}}],"collection":[{"href":"https:\/\/finziash.com\/sv\/wp-json\/wp\/v2\/pages"}],"about":[{"href":"https:\/\/finziash.com\/sv\/wp-json\/wp\/v2\/types\/page"}],"author":[{"embeddable":true,"href":"https:\/\/finziash.com\/sv\/wp-json\/wp\/v2\/users\/1"}],"replies":[{"embeddable":true,"href":"https:\/\/finziash.com\/sv\/wp-json\/wp\/v2\/comments?post=1286"}],"version-history":[{"count":1,"href":"https:\/\/finziash.com\/sv\/wp-json\/wp\/v2\/pages\/1286\/revisions"}],"predecessor-version":[{"id":1288,"href":"https:\/\/finziash.com\/sv\/wp-json\/wp\/v2\/pages\/1286\/revisions\/1288"}],"wp:attachment":[{"href":"https:\/\/finziash.com\/sv\/wp-json\/wp\/v2\/media?parent=1286"}],"curies":[{"name":"wp","href":"https:\/\/api.w.org\/{rel}","templated":true}]}}